{"id":629,"date":"2022-07-06T10:36:44","date_gmt":"2022-07-06T16:36:44","guid":{"rendered":"https:\/\/www.plasagro.com\/?page_id=629"},"modified":"2022-07-06T10:59:55","modified_gmt":"2022-07-06T16:59:55","slug":"bolsa-para-ensilaje","status":"publish","type":"page","link":"https:\/\/www.plasagro.com\/index.php\/bolsa-para-ensilaje\/","title":{"rendered":"Bolsa para Ensilaje"},"content":{"rendered":"\t\t<div data-elementor-type=\"wp-page\" data-elementor-id=\"629\" class=\"elementor elementor-629\">\n\t\t\t\t\t\t<section class=\"elementor-section elementor-top-section elementor-element elementor-element-a19e1e7 elementor-section-full_width elementor-section-height-default elementor-section-height-default\" data-id=\"a19e1e7\" data-element_type=\"section\" data-e-type=\"section\">\n\t\t\t\t\t\t<div class=\"elementor-container elementor-column-gap-default\">\n\t\t\t\t\t<div class=\"elementor-column elementor-col-100 elementor-top-column elementor-element elementor-element-c895529\" data-id=\"c895529\" data-element_type=\"column\" data-e-type=\"column\">\n\t\t\t<div class=\"elementor-widget-wrap elementor-element-populated\">\n\t\t\t\t\t\t<div class=\"elementor-element elementor-element-e8296d0 elementor-cta--skin-cover elementor-widget elementor-widget-call-to-action\" data-id=\"e8296d0\" data-element_type=\"widget\" data-e-type=\"widget\" data-widget_type=\"call-to-action.default\">\n\t\t\t\t<div class=\"elementor-widget-container\">\n\t\t\t\t\t\t\t<div class=\"elementor-cta\">\n\t\t\t\t\t<div class=\"elementor-cta__bg-wrapper\">\n\t\t\t\t<div class=\"elementor-cta__bg elementor-bg\" style=\"background-image: url(https:\/\/www.plasagro.com\/wp-content\/uploads\/2022\/03\/bolsa-ensilaje-1024x1024.jpg);\"><\/div>\n\t\t\t\t<div class=\"elementor-cta__bg-overlay\"><\/div>\n\t\t\t<\/div>\n\t\t\t\t\t\t\t<div class=\"elementor-cta__content\">\n\t\t\t\t\n\t\t\t\t<h5 class=\"elementor-cta__title elementor-cta__content-item elementor-content-item\">Bolsa para ensilaje<\/h5>\n\t\t\t\t\n\t\t\t\t\t\t\t<\/div>\n\t\t\t\t\t\t<\/div>\n\t\t\t\t\t\t<\/div>\n\t\t\t\t<\/div>\n\t\t\t\t\t<\/div>\n\t\t<\/div>\n\t\t\t\t\t<\/div>\n\t\t<\/section>\n\t\t\t\t<section class=\"elementor-section elementor-top-section elementor-element elementor-element-11a3a4c elementor-section-boxed elementor-section-height-default elementor-section-height-default\" data-id=\"11a3a4c\" data-element_type=\"section\" data-e-type=\"section\">\n\t\t\t\t\t\t<div class=\"elementor-container elementor-column-gap-default\">\n\t\t\t\t\t<div class=\"elementor-column elementor-col-33 elementor-top-column elementor-element elementor-element-29e04b2\" data-id=\"29e04b2\" data-element_type=\"column\" data-e-type=\"column\">\n\t\t\t<div class=\"elementor-widget-wrap\">\n\t\t\t\t\t\t\t<\/div>\n\t\t<\/div>\n\t\t\t\t<div class=\"elementor-column elementor-col-33 elementor-top-column elementor-element elementor-element-a864572\" data-id=\"a864572\" data-element_type=\"column\" data-e-type=\"column\">\n\t\t\t<div class=\"elementor-widget-wrap elementor-element-populated\">\n\t\t\t\t\t\t<div class=\"elementor-element elementor-element-b7e7d14 elementor-position-top elementor-widget elementor-widget-image-box\" data-id=\"b7e7d14\" data-element_type=\"widget\" data-e-type=\"widget\" data-widget_type=\"image-box.default\">\n\t\t\t\t<div class=\"elementor-widget-container\">\n\t\t\t\t\t<div class=\"elementor-image-box-wrapper\"><figure class=\"elementor-image-box-img\"><img decoding=\"async\" src=\"https:\/\/www.plasagro.com\/wp-content\/uploads\/elementor\/thumbs\/bolsa-ensilaje-e1652291938716-poo4a2ymwhepzqhlc24o9meocybsmepkvnrblgh3pc.jpg\" title=\"bolsa ensilaje\" alt=\"bolsa ensilaje\" class=\"elementor-animation-grow\" loading=\"lazy\" \/><\/figure><div class=\"elementor-image-box-content\"><h3 class=\"elementor-image-box-title\">Bolsa para ensilaje<\/h3><\/div><\/div>\t\t\t\t<\/div>\n\t\t\t\t<\/div>\n\t\t\t\t<div class=\"elementor-element elementor-element-26c7039 elementor-widget elementor-widget-accordion\" data-id=\"26c7039\" data-element_type=\"widget\" data-e-type=\"widget\" data-widget_type=\"accordion.default\">\n\t\t\t\t<div class=\"elementor-widget-container\">\n\t\t\t\t\t\t\t<div class=\"elementor-accordion\">\n\t\t\t\t\t\t\t<div class=\"elementor-accordion-item\">\n\t\t\t\t\t<div id=\"elementor-tab-title-4061\" class=\"elementor-tab-title\" data-tab=\"1\" role=\"button\" aria-controls=\"elementor-tab-content-4061\" aria-expanded=\"false\">\n\t\t\t\t\t\t\t\t\t\t\t\t\t<span class=\"elementor-accordion-icon elementor-accordion-icon-left\" aria-hidden=\"true\">\n\t\t\t\t\t\t\t\t\t\t\t\t\t\t\t<span class=\"elementor-accordion-icon-closed\"><i class=\"fas fa-plus\"><\/i><\/span>\n\t\t\t\t\t\t\t\t<span class=\"elementor-accordion-icon-opened\"><i class=\"fas fa-minus\"><\/i><\/span>\n\t\t\t\t\t\t\t\t\t\t\t\t\t\t<\/span>\n\t\t\t\t\t\t\t\t\t\t\t\t<a class=\"elementor-accordion-title\" tabindex=\"0\">M\u00e1s informaci\u00f3n <\/a>\n\t\t\t\t\t<\/div>\n\t\t\t\t\t<div id=\"elementor-tab-content-4061\" class=\"elementor-tab-content elementor-clearfix\" data-tab=\"1\" role=\"region\" aria-labelledby=\"elementor-tab-title-4061\"><p>Medidas disponibles:<br>&#8211; 24&#8243; x 47&#8243; x 9 mil\u00e9simas <br>&#8211; 24&#8243; x 47&#8243; x 10 mil\u00e9simas <br>&#8211; 24&#8243; x 47&#8243; x 12 mil\u00e9simas<\/p>\n<p>Paquete:<br>100 unidades<\/p>\n<p>Caracter\u00edsticas<br>&#8211; Capacidad 85 &#8211; 100 lb<br>&#8211; Fabricada con aditivos UV, Antioxidantes y materia prima virgen para mayor vida \u00fatil.<br>&#8211; Certificaci\u00f3n ISO 9001<br>&#8211; Con sello de fondo muy fuerte para soportar mas de 100 libras<\/p><\/div>\n\t\t\t\t<\/div>\n\t\t\t\t\t\t\t\t<\/div>\n\t\t\t\t\t\t<\/div>\n\t\t\t\t<\/div>\n\t\t\t\t\t<\/div>\n\t\t<\/div>\n\t\t\t\t<div class=\"elementor-column elementor-col-33 elementor-top-column elementor-element elementor-element-5dc689b\" data-id=\"5dc689b\" data-element_type=\"column\" data-e-type=\"column\">\n\t\t\t<div class=\"elementor-widget-wrap\">\n\t\t\t\t\t\t\t<\/div>\n\t\t<\/div>\n\t\t\t\t\t<\/div>\n\t\t<\/section>\n\t\t\t\t<\/div>\n\t\t","protected":false},"excerpt":{"rendered":"<p>Bolsa para ensilaje Bolsa para ensilaje M\u00e1s informaci\u00f3n Medidas disponibles:&#8211; 24&#8243; x 47&#8243; x 9 mil\u00e9simas &#8211; 24&#8243; x 47&#8243; x 10 mil\u00e9simas &#8211; 24&#8243; x 47&#8243; x 12 mil\u00e9simas Paquete:100 unidades Caracter\u00edsticas&#8211; Capacidad 85 &#8211; 100 lb&#8211; Fabricada con aditivos UV, Antioxidantes y materia prima virgen para mayor vida \u00fatil.&#8211; Certificaci\u00f3n ISO 9001&#8211; Con [&hellip;]<\/p>\n","protected":false},"author":1,"featured_media":0,"parent":0,"menu_order":0,"comment_status":"closed","ping_status":"closed","template":"","meta":{"_monsterinsights_skip_tracking":false,"_monsterinsights_sitenote_active":false,"_monsterinsights_sitenote_note":"","_monsterinsights_sitenote_category":0,"footnotes":""},"class_list":["post-629","page","type-page","status-publish","hentry"],"yoast_head":"<!-- This site is optimized with the Yoast SEO plugin v19.0 - https:\/\/yoast.com\/wordpress\/plugins\/seo\/ -->\n<title>Bolsa para Ensilaje - Plasagro, S.A.<\/title>\n<meta name=\"robots\" content=\"index, follow, max-snippet:-1, max-image-preview:large, max-video-preview:-1\" \/>\n<link rel=\"canonical\" href=\"https:\/\/www.plasagro.com\/index.php\/bolsa-para-ensilaje\/\" \/>\n<meta property=\"og:locale\" content=\"es_ES\" \/>\n<meta property=\"og:type\" content=\"article\" \/>\n<meta property=\"og:title\" content=\"Bolsa para Ensilaje - Plasagro, S.A.\" \/>\n<meta property=\"og:description\" content=\"Bolsa para ensilaje Bolsa para ensilaje M\u00e1s informaci\u00f3n Medidas disponibles:&#8211; 24&#8243; x 47&#8243; x 9 mil\u00e9simas &#8211; 24&#8243; x 47&#8243; x 10 mil\u00e9simas &#8211; 24&#8243; x 47&#8243; x 12 mil\u00e9simas Paquete:100 unidades Caracter\u00edsticas&#8211; Capacidad 85 &#8211; 100 lb&#8211; Fabricada con aditivos UV, Antioxidantes y materia prima virgen para mayor vida \u00fatil.&#8211; Certificaci\u00f3n ISO 9001&#8211; Con [&hellip;]\" \/>\n<meta property=\"og:url\" content=\"https:\/\/www.plasagro.com\/index.php\/bolsa-para-ensilaje\/\" \/>\n<meta property=\"og:site_name\" content=\"Plasagro, S.A.\" \/>\n<meta property=\"article:publisher\" content=\"https:\/\/www.facebook.com\/plasagrosa\" \/>\n<meta property=\"article:modified_time\" content=\"2022-07-06T16:59:55+00:00\" \/>\n<meta property=\"og:image\" content=\"https:\/\/www.plasagro.com\/wp-content\/uploads\/elementor\/thumbs\/bolsa-ensilaje-e1652291938716-poo4a2ymwhepzqhlc24o9meocybsmepkvnrblgh3pc.jpg\" \/>\n<meta name=\"twitter:card\" content=\"summary_large_image\" \/>\n<meta name=\"twitter:label1\" content=\"Tiempo de lectura\" \/>\n\t<meta name=\"twitter:data1\" content=\"1 minuto\" \/>\n<script type=\"application\/ld+json\" class=\"yoast-schema-graph\">{\"@context\":\"https:\/\/schema.org\",\"@graph\":[{\"@type\":\"Organization\",\"@id\":\"https:\/\/www.plasagro.com\/#organization\",\"name\":\"Plasagro, pl\u00e1sticos para el agro, Guatemala\",\"url\":\"https:\/\/www.plasagro.com\/\",\"sameAs\":[\"https:\/\/www.facebook.com\/plasagrosa\"],\"logo\":{\"@type\":\"ImageObject\",\"inLanguage\":\"es\",\"@id\":\"https:\/\/www.plasagro.com\/#\/schema\/logo\/image\/\",\"url\":\"https:\/\/www.plasagro.com\/wp-content\/uploads\/2022\/03\/plasagro-logo-50.png\",\"contentUrl\":\"https:\/\/www.plasagro.com\/wp-content\/uploads\/2022\/03\/plasagro-logo-50.png\",\"width\":667,\"height\":290,\"caption\":\"Plasagro, pl\u00e1sticos para el agro, Guatemala\"},\"image\":{\"@id\":\"https:\/\/www.plasagro.com\/#\/schema\/logo\/image\/\"}},{\"@type\":\"WebSite\",\"@id\":\"https:\/\/www.plasagro.com\/#website\",\"url\":\"https:\/\/www.plasagro.com\/\",\"name\":\"Plasagro, S.A.\",\"description\":\"Pl\u00e1sticos para el Agro, S.A.\",\"publisher\":{\"@id\":\"https:\/\/www.plasagro.com\/#organization\"},\"potentialAction\":[{\"@type\":\"SearchAction\",\"target\":{\"@type\":\"EntryPoint\",\"urlTemplate\":\"https:\/\/www.plasagro.com\/?s={search_term_string}\"},\"query-input\":\"required name=search_term_string\"}],\"inLanguage\":\"es\"},{\"@type\":\"ImageObject\",\"inLanguage\":\"es\",\"@id\":\"https:\/\/www.plasagro.com\/index.php\/bolsa-para-ensilaje\/#primaryimage\",\"url\":\"https:\/\/www.plasagro.com\/wp-content\/uploads\/elementor\/thumbs\/bolsa-ensilaje-e1652291938716-poo4a2ymwhepzqhlc24o9meocybsmepkvnrblgh3pc.jpg\",\"contentUrl\":\"https:\/\/www.plasagro.com\/wp-content\/uploads\/elementor\/thumbs\/bolsa-ensilaje-e1652291938716-poo4a2ymwhepzqhlc24o9meocybsmepkvnrblgh3pc.jpg\"},{\"@type\":\"WebPage\",\"@id\":\"https:\/\/www.plasagro.com\/index.php\/bolsa-para-ensilaje\/#webpage\",\"url\":\"https:\/\/www.plasagro.com\/index.php\/bolsa-para-ensilaje\/\",\"name\":\"Bolsa para Ensilaje - Plasagro, S.A.\",\"isPartOf\":{\"@id\":\"https:\/\/www.plasagro.com\/#website\"},\"primaryImageOfPage\":{\"@id\":\"https:\/\/www.plasagro.com\/index.php\/bolsa-para-ensilaje\/#primaryimage\"},\"datePublished\":\"2022-07-06T16:36:44+00:00\",\"dateModified\":\"2022-07-06T16:59:55+00:00\",\"breadcrumb\":{\"@id\":\"https:\/\/www.plasagro.com\/index.php\/bolsa-para-ensilaje\/#breadcrumb\"},\"inLanguage\":\"es\",\"potentialAction\":[{\"@type\":\"ReadAction\",\"target\":[\"https:\/\/www.plasagro.com\/index.php\/bolsa-para-ensilaje\/\"]}]},{\"@type\":\"BreadcrumbList\",\"@id\":\"https:\/\/www.plasagro.com\/index.php\/bolsa-para-ensilaje\/#breadcrumb\",\"itemListElement\":[{\"@type\":\"ListItem\",\"position\":1,\"name\":\"Home\",\"item\":\"https:\/\/www.plasagro.com\/\"},{\"@type\":\"ListItem\",\"position\":2,\"name\":\"Bolsa para Ensilaje\"}]}]}<\/script>\n<!-- \/ Yoast SEO plugin. -->","yoast_head_json":{"title":"Bolsa para Ensilaje - Plasagro, S.A.","robots":{"index":"index","follow":"follow","max-snippet":"max-snippet:-1","max-image-preview":"max-image-preview:large","max-video-preview":"max-video-preview:-1"},"canonical":"https:\/\/www.plasagro.com\/index.php\/bolsa-para-ensilaje\/","og_locale":"es_ES","og_type":"article","og_title":"Bolsa para Ensilaje - Plasagro, S.A.","og_description":"Bolsa para ensilaje Bolsa para ensilaje M\u00e1s informaci\u00f3n Medidas disponibles:&#8211; 24&#8243; x 47&#8243; x 9 mil\u00e9simas &#8211; 24&#8243; x 47&#8243; x 10 mil\u00e9simas &#8211; 24&#8243; x 47&#8243; x 12 mil\u00e9simas Paquete:100 unidades Caracter\u00edsticas&#8211; Capacidad 85 &#8211; 100 lb&#8211; Fabricada con aditivos UV, Antioxidantes y materia prima virgen para mayor vida \u00fatil.&#8211; Certificaci\u00f3n ISO 9001&#8211; Con [&hellip;]","og_url":"https:\/\/www.plasagro.com\/index.php\/bolsa-para-ensilaje\/","og_site_name":"Plasagro, S.A.","article_publisher":"https:\/\/www.facebook.com\/plasagrosa","article_modified_time":"2022-07-06T16:59:55+00:00","og_image":[{"url":"https:\/\/www.plasagro.com\/wp-content\/uploads\/elementor\/thumbs\/bolsa-ensilaje-e1652291938716-poo4a2ymwhepzqhlc24o9meocybsmepkvnrblgh3pc.jpg"}],"twitter_card":"summary_large_image","twitter_misc":{"Tiempo de lectura":"1 minuto"},"schema":{"@context":"https:\/\/schema.org","@graph":[{"@type":"Organization","@id":"https:\/\/www.plasagro.com\/#organization","name":"Plasagro, pl\u00e1sticos para el agro, Guatemala","url":"https:\/\/www.plasagro.com\/","sameAs":["https:\/\/www.facebook.com\/plasagrosa"],"logo":{"@type":"ImageObject","inLanguage":"es","@id":"https:\/\/www.plasagro.com\/#\/schema\/logo\/image\/","url":"https:\/\/www.plasagro.com\/wp-content\/uploads\/2022\/03\/plasagro-logo-50.png","contentUrl":"https:\/\/www.plasagro.com\/wp-content\/uploads\/2022\/03\/plasagro-logo-50.png","width":667,"height":290,"caption":"Plasagro, pl\u00e1sticos para el agro, Guatemala"},"image":{"@id":"https:\/\/www.plasagro.com\/#\/schema\/logo\/image\/"}},{"@type":"WebSite","@id":"https:\/\/www.plasagro.com\/#website","url":"https:\/\/www.plasagro.com\/","name":"Plasagro, S.A.","description":"Pl\u00e1sticos para el Agro, S.A.","publisher":{"@id":"https:\/\/www.plasagro.com\/#organization"},"potentialAction":[{"@type":"SearchAction","target":{"@type":"EntryPoint","urlTemplate":"https:\/\/www.plasagro.com\/?s={search_term_string}"},"query-input":"required name=search_term_string"}],"inLanguage":"es"},{"@type":"ImageObject","inLanguage":"es","@id":"https:\/\/www.plasagro.com\/index.php\/bolsa-para-ensilaje\/#primaryimage","url":"https:\/\/www.plasagro.com\/wp-content\/uploads\/elementor\/thumbs\/bolsa-ensilaje-e1652291938716-poo4a2ymwhepzqhlc24o9meocybsmepkvnrblgh3pc.jpg","contentUrl":"https:\/\/www.plasagro.com\/wp-content\/uploads\/elementor\/thumbs\/bolsa-ensilaje-e1652291938716-poo4a2ymwhepzqhlc24o9meocybsmepkvnrblgh3pc.jpg"},{"@type":"WebPage","@id":"https:\/\/www.plasagro.com\/index.php\/bolsa-para-ensilaje\/#webpage","url":"https:\/\/www.plasagro.com\/index.php\/bolsa-para-ensilaje\/","name":"Bolsa para Ensilaje - Plasagro, S.A.","isPartOf":{"@id":"https:\/\/www.plasagro.com\/#website"},"primaryImageOfPage":{"@id":"https:\/\/www.plasagro.com\/index.php\/bolsa-para-ensilaje\/#primaryimage"},"datePublished":"2022-07-06T16:36:44+00:00","dateModified":"2022-07-06T16:59:55+00:00","breadcrumb":{"@id":"https:\/\/www.plasagro.com\/index.php\/bolsa-para-ensilaje\/#breadcrumb"},"inLanguage":"es","potentialAction":[{"@type":"ReadAction","target":["https:\/\/www.plasagro.com\/index.php\/bolsa-para-ensilaje\/"]}]},{"@type":"BreadcrumbList","@id":"https:\/\/www.plasagro.com\/index.php\/bolsa-para-ensilaje\/#breadcrumb","itemListElement":[{"@type":"ListItem","position":1,"name":"Home","item":"https:\/\/www.plasagro.com\/"},{"@type":"ListItem","position":2,"name":"Bolsa para Ensilaje"}]}]}},"_links":{"self":[{"href":"https:\/\/www.plasagro.com\/index.php\/wp-json\/wp\/v2\/pages\/629","targetHints":{"allow":["GET"]}}],"collection":[{"href":"https:\/\/www.plasagro.com\/index.php\/wp-json\/wp\/v2\/pages"}],"about":[{"href":"https:\/\/www.plasagro.com\/index.php\/wp-json\/wp\/v2\/types\/page"}],"author":[{"embeddable":true,"href":"https:\/\/www.plasagro.com\/index.php\/wp-json\/wp\/v2\/users\/1"}],"replies":[{"embeddable":true,"href":"https:\/\/www.plasagro.com\/index.php\/wp-json\/wp\/v2\/comments?post=629"}],"version-history":[{"count":16,"href":"https:\/\/www.plasagro.com\/index.php\/wp-json\/wp\/v2\/pages\/629\/revisions"}],"predecessor-version":[{"id":673,"href":"https:\/\/www.plasagro.com\/index.php\/wp-json\/wp\/v2\/pages\/629\/revisions\/673"}],"wp:attachment":[{"href":"https:\/\/www.plasagro.com\/index.php\/wp-json\/wp\/v2\/media?parent=629"}],"curies":[{"name":"wp","href":"https:\/\/api.w.org\/{rel}","templated":true}]}}