{"id":604,"date":"2022-06-29T14:18:56","date_gmt":"2022-06-29T20:18:56","guid":{"rendered":"https:\/\/www.plasagro.com\/?page_id=604"},"modified":"2023-01-24T10:31:52","modified_gmt":"2023-01-24T16:31:52","slug":"acolchado-plastico-mulch","status":"publish","type":"page","link":"https:\/\/www.plasagro.com\/index.php\/acolchado-plastico-mulch\/","title":{"rendered":"Acolchado Pl\u00e1stico (mulch)"},"content":{"rendered":"\t\t<div data-elementor-type=\"wp-page\" data-elementor-id=\"604\" class=\"elementor elementor-604\">\n\t\t\t\t\t\t<section class=\"elementor-section elementor-top-section elementor-element elementor-element-c88af96 elementor-section-full_width elementor-section-height-default elementor-section-height-default\" data-id=\"c88af96\" data-element_type=\"section\" data-e-type=\"section\">\n\t\t\t\t\t\t<div class=\"elementor-container elementor-column-gap-default\">\n\t\t\t\t\t<div class=\"elementor-column elementor-col-100 elementor-top-column elementor-element elementor-element-acba666\" data-id=\"acba666\" data-element_type=\"column\" data-e-type=\"column\">\n\t\t\t<div class=\"elementor-widget-wrap elementor-element-populated\">\n\t\t\t\t\t\t<div class=\"elementor-element elementor-element-845423c elementor-cta--skin-cover elementor-widget elementor-widget-call-to-action\" data-id=\"845423c\" data-element_type=\"widget\" data-e-type=\"widget\" data-widget_type=\"call-to-action.default\">\n\t\t\t\t<div class=\"elementor-widget-container\">\n\t\t\t\t\t\t\t<div class=\"elementor-cta\">\n\t\t\t\t\t<div class=\"elementor-cta__bg-wrapper\">\n\t\t\t\t<div class=\"elementor-cta__bg elementor-bg\" style=\"background-image: url(https:\/\/www.plasagro.com\/wp-content\/uploads\/2022\/06\/Mulch3.jpg);\"><\/div>\n\t\t\t\t<div class=\"elementor-cta__bg-overlay\"><\/div>\n\t\t\t<\/div>\n\t\t\t\t\t\t\t<div class=\"elementor-cta__content\">\n\t\t\t\t\n\t\t\t\t<h5 class=\"elementor-cta__title elementor-cta__content-item elementor-content-item\">Pl\u00e1stico Mulch<\/h5>\n\t\t\t\t\n\t\t\t\t\t\t\t<\/div>\n\t\t\t\t\t\t<\/div>\n\t\t\t\t\t\t<\/div>\n\t\t\t\t<\/div>\n\t\t\t\t\t<\/div>\n\t\t<\/div>\n\t\t\t\t\t<\/div>\n\t\t<\/section>\n\t\t\t\t<section class=\"elementor-section elementor-top-section elementor-element elementor-element-aeaa902 elementor-section-boxed elementor-section-height-default elementor-section-height-default\" data-id=\"aeaa902\" data-element_type=\"section\" data-e-type=\"section\">\n\t\t\t\t\t\t<div class=\"elementor-container elementor-column-gap-default\">\n\t\t\t\t\t<div class=\"elementor-column elementor-col-100 elementor-top-column elementor-element elementor-element-b928275\" data-id=\"b928275\" data-element_type=\"column\" data-e-type=\"column\">\n\t\t\t<div class=\"elementor-widget-wrap elementor-element-populated\">\n\t\t\t\t\t\t<div class=\"elementor-element elementor-element-05c296f elementor-widget elementor-widget-image\" data-id=\"05c296f\" data-element_type=\"widget\" data-e-type=\"widget\" data-widget_type=\"image.default\">\n\t\t\t\t<div class=\"elementor-widget-container\">\n\t\t\t\t\t\t\t\t\t\t\t\t\t\t\t<img fetchpriority=\"high\" decoding=\"async\" width=\"750\" height=\"563\" src=\"https:\/\/www.plasagro.com\/wp-content\/uploads\/2022\/06\/Mulch3.jpg\" class=\"attachment-large size-large wp-image-603\" alt=\"\" srcset=\"https:\/\/www.plasagro.com\/wp-content\/uploads\/2022\/06\/Mulch3.jpg 750w, https:\/\/www.plasagro.com\/wp-content\/uploads\/2022\/06\/Mulch3-300x225.jpg 300w\" sizes=\"(max-width: 750px) 100vw, 750px\" \/>\t\t\t\t\t\t\t\t\t\t\t\t\t\t\t<\/div>\n\t\t\t\t<\/div>\n\t\t\t\t<div class=\"elementor-element elementor-element-04d35c4 elementor-widget elementor-widget-text-editor\" data-id=\"04d35c4\" data-element_type=\"widget\" data-e-type=\"widget\" data-widget_type=\"text-editor.default\">\n\t\t\t\t<div class=\"elementor-widget-container\">\n\t\t\t\t\t\t\t\t\t<p>El acolchado pl\u00e1stico es un aliado perfecto de los agricultores para tener una mejor cosecha.\u00a0<\/p><p>Entre los diferentes beneficios se encuentran:<\/p><ul><li>Mayores rendimientos y mejor calidad de frutos<\/li><li>Mayor control de malezas<\/li><li>Ahorro de agua gracias a la conservaci\u00f3n de esta.<\/li><li>Ahorro de fertilizantes, ya que no son arrastrados por los agentes atmosf\u00e9ricos<\/li><li>Y muchos beneficios mas&#8230;<\/li><\/ul><div>\u00a0Contamos con una amplia variedad en nuestras bodegas para satisfacer la necesidad de cada agricultor.<br \/>Si necesitan especificaciones especiales se puede fabricar de acuerdo a su necesidad (aplican restricciones).<\/div><p>Todos nuestros acolchados est\u00e1n fabricados con Antioxidantes y UV de excelente calidad para garantizar su larga vida \u00fatil, adem\u00e1s se tiene la certificaci\u00f3n ISO 9001<\/p>\t\t\t\t\t\t\t\t<\/div>\n\t\t\t\t<\/div>\n\t\t\t\t\t<\/div>\n\t\t<\/div>\n\t\t\t\t\t<\/div>\n\t\t<\/section>\n\t\t\t\t<\/div>\n\t\t","protected":false},"excerpt":{"rendered":"<p>Pl\u00e1stico Mulch El acolchado pl\u00e1stico es un aliado perfecto de los agricultores para tener una mejor cosecha.\u00a0 Entre los diferentes beneficios se encuentran: Mayores rendimientos y mejor calidad de frutos Mayor control de malezas Ahorro de agua gracias a la conservaci\u00f3n de esta. Ahorro de fertilizantes, ya que no son arrastrados por los agentes atmosf\u00e9ricos [&hellip;]<\/p>\n","protected":false},"author":3,"featured_media":0,"parent":0,"menu_order":0,"comment_status":"closed","ping_status":"closed","template":"","meta":{"_monsterinsights_skip_tracking":false,"_monsterinsights_sitenote_active":false,"_monsterinsights_sitenote_note":"","_monsterinsights_sitenote_category":0,"footnotes":""},"class_list":["post-604","page","type-page","status-publish","hentry"],"yoast_head":"<!-- This site is optimized with the Yoast SEO plugin v19.0 - https:\/\/yoast.com\/wordpress\/plugins\/seo\/ -->\n<title>Acolchado Pl\u00e1stico (mulch) - Plasagro, S.A.<\/title>\n<meta name=\"robots\" content=\"index, follow, max-snippet:-1, max-image-preview:large, max-video-preview:-1\" \/>\n<link rel=\"canonical\" href=\"https:\/\/www.plasagro.com\/index.php\/acolchado-plastico-mulch\/\" \/>\n<meta property=\"og:locale\" content=\"es_ES\" \/>\n<meta property=\"og:type\" content=\"article\" \/>\n<meta property=\"og:title\" content=\"Acolchado Pl\u00e1stico (mulch) - Plasagro, S.A.\" \/>\n<meta property=\"og:description\" content=\"Pl\u00e1stico Mulch El acolchado pl\u00e1stico es un aliado perfecto de los agricultores para tener una mejor cosecha.\u00a0 Entre los diferentes beneficios se encuentran: Mayores rendimientos y mejor calidad de frutos Mayor control de malezas Ahorro de agua gracias a la conservaci\u00f3n de esta. Ahorro de fertilizantes, ya que no son arrastrados por los agentes atmosf\u00e9ricos [&hellip;]\" \/>\n<meta property=\"og:url\" content=\"https:\/\/www.plasagro.com\/index.php\/acolchado-plastico-mulch\/\" \/>\n<meta property=\"og:site_name\" content=\"Plasagro, S.A.\" \/>\n<meta property=\"article:publisher\" content=\"https:\/\/www.facebook.com\/plasagrosa\" \/>\n<meta property=\"article:modified_time\" content=\"2023-01-24T16:31:52+00:00\" \/>\n<meta property=\"og:image\" content=\"https:\/\/www.plasagro.com\/wp-content\/uploads\/2022\/06\/Mulch3.jpg\" \/>\n<meta name=\"twitter:card\" content=\"summary_large_image\" \/>\n<meta name=\"twitter:label1\" content=\"Tiempo de lectura\" \/>\n\t<meta name=\"twitter:data1\" content=\"1 minuto\" \/>\n<script type=\"application\/ld+json\" class=\"yoast-schema-graph\">{\"@context\":\"https:\/\/schema.org\",\"@graph\":[{\"@type\":\"Organization\",\"@id\":\"https:\/\/www.plasagro.com\/#organization\",\"name\":\"Plasagro, pl\u00e1sticos para el agro, Guatemala\",\"url\":\"https:\/\/www.plasagro.com\/\",\"sameAs\":[\"https:\/\/www.facebook.com\/plasagrosa\"],\"logo\":{\"@type\":\"ImageObject\",\"inLanguage\":\"es\",\"@id\":\"https:\/\/www.plasagro.com\/#\/schema\/logo\/image\/\",\"url\":\"https:\/\/www.plasagro.com\/wp-content\/uploads\/2022\/03\/plasagro-logo-50.png\",\"contentUrl\":\"https:\/\/www.plasagro.com\/wp-content\/uploads\/2022\/03\/plasagro-logo-50.png\",\"width\":667,\"height\":290,\"caption\":\"Plasagro, pl\u00e1sticos para el agro, Guatemala\"},\"image\":{\"@id\":\"https:\/\/www.plasagro.com\/#\/schema\/logo\/image\/\"}},{\"@type\":\"WebSite\",\"@id\":\"https:\/\/www.plasagro.com\/#website\",\"url\":\"https:\/\/www.plasagro.com\/\",\"name\":\"Plasagro, S.A.\",\"description\":\"Pl\u00e1sticos para el Agro, S.A.\",\"publisher\":{\"@id\":\"https:\/\/www.plasagro.com\/#organization\"},\"potentialAction\":[{\"@type\":\"SearchAction\",\"target\":{\"@type\":\"EntryPoint\",\"urlTemplate\":\"https:\/\/www.plasagro.com\/?s={search_term_string}\"},\"query-input\":\"required name=search_term_string\"}],\"inLanguage\":\"es\"},{\"@type\":\"ImageObject\",\"inLanguage\":\"es\",\"@id\":\"https:\/\/www.plasagro.com\/index.php\/acolchado-plastico-mulch\/#primaryimage\",\"url\":\"https:\/\/www.plasagro.com\/wp-content\/uploads\/2022\/06\/Mulch3.jpg\",\"contentUrl\":\"https:\/\/www.plasagro.com\/wp-content\/uploads\/2022\/06\/Mulch3.jpg\",\"width\":750,\"height\":563},{\"@type\":\"WebPage\",\"@id\":\"https:\/\/www.plasagro.com\/index.php\/acolchado-plastico-mulch\/#webpage\",\"url\":\"https:\/\/www.plasagro.com\/index.php\/acolchado-plastico-mulch\/\",\"name\":\"Acolchado Pl\u00e1stico (mulch) - Plasagro, S.A.\",\"isPartOf\":{\"@id\":\"https:\/\/www.plasagro.com\/#website\"},\"primaryImageOfPage\":{\"@id\":\"https:\/\/www.plasagro.com\/index.php\/acolchado-plastico-mulch\/#primaryimage\"},\"datePublished\":\"2022-06-29T20:18:56+00:00\",\"dateModified\":\"2023-01-24T16:31:52+00:00\",\"breadcrumb\":{\"@id\":\"https:\/\/www.plasagro.com\/index.php\/acolchado-plastico-mulch\/#breadcrumb\"},\"inLanguage\":\"es\",\"potentialAction\":[{\"@type\":\"ReadAction\",\"target\":[\"https:\/\/www.plasagro.com\/index.php\/acolchado-plastico-mulch\/\"]}]},{\"@type\":\"BreadcrumbList\",\"@id\":\"https:\/\/www.plasagro.com\/index.php\/acolchado-plastico-mulch\/#breadcrumb\",\"itemListElement\":[{\"@type\":\"ListItem\",\"position\":1,\"name\":\"Home\",\"item\":\"https:\/\/www.plasagro.com\/\"},{\"@type\":\"ListItem\",\"position\":2,\"name\":\"Acolchado Pl\u00e1stico (mulch)\"}]}]}<\/script>\n<!-- \/ Yoast SEO plugin. -->","yoast_head_json":{"title":"Acolchado Pl\u00e1stico (mulch) - Plasagro, S.A.","robots":{"index":"index","follow":"follow","max-snippet":"max-snippet:-1","max-image-preview":"max-image-preview:large","max-video-preview":"max-video-preview:-1"},"canonical":"https:\/\/www.plasagro.com\/index.php\/acolchado-plastico-mulch\/","og_locale":"es_ES","og_type":"article","og_title":"Acolchado Pl\u00e1stico (mulch) - Plasagro, S.A.","og_description":"Pl\u00e1stico Mulch El acolchado pl\u00e1stico es un aliado perfecto de los agricultores para tener una mejor cosecha.\u00a0 Entre los diferentes beneficios se encuentran: Mayores rendimientos y mejor calidad de frutos Mayor control de malezas Ahorro de agua gracias a la conservaci\u00f3n de esta. Ahorro de fertilizantes, ya que no son arrastrados por los agentes atmosf\u00e9ricos [&hellip;]","og_url":"https:\/\/www.plasagro.com\/index.php\/acolchado-plastico-mulch\/","og_site_name":"Plasagro, S.A.","article_publisher":"https:\/\/www.facebook.com\/plasagrosa","article_modified_time":"2023-01-24T16:31:52+00:00","og_image":[{"url":"https:\/\/www.plasagro.com\/wp-content\/uploads\/2022\/06\/Mulch3.jpg"}],"twitter_card":"summary_large_image","twitter_misc":{"Tiempo de lectura":"1 minuto"},"schema":{"@context":"https:\/\/schema.org","@graph":[{"@type":"Organization","@id":"https:\/\/www.plasagro.com\/#organization","name":"Plasagro, pl\u00e1sticos para el agro, Guatemala","url":"https:\/\/www.plasagro.com\/","sameAs":["https:\/\/www.facebook.com\/plasagrosa"],"logo":{"@type":"ImageObject","inLanguage":"es","@id":"https:\/\/www.plasagro.com\/#\/schema\/logo\/image\/","url":"https:\/\/www.plasagro.com\/wp-content\/uploads\/2022\/03\/plasagro-logo-50.png","contentUrl":"https:\/\/www.plasagro.com\/wp-content\/uploads\/2022\/03\/plasagro-logo-50.png","width":667,"height":290,"caption":"Plasagro, pl\u00e1sticos para el agro, Guatemala"},"image":{"@id":"https:\/\/www.plasagro.com\/#\/schema\/logo\/image\/"}},{"@type":"WebSite","@id":"https:\/\/www.plasagro.com\/#website","url":"https:\/\/www.plasagro.com\/","name":"Plasagro, S.A.","description":"Pl\u00e1sticos para el Agro, S.A.","publisher":{"@id":"https:\/\/www.plasagro.com\/#organization"},"potentialAction":[{"@type":"SearchAction","target":{"@type":"EntryPoint","urlTemplate":"https:\/\/www.plasagro.com\/?s={search_term_string}"},"query-input":"required name=search_term_string"}],"inLanguage":"es"},{"@type":"ImageObject","inLanguage":"es","@id":"https:\/\/www.plasagro.com\/index.php\/acolchado-plastico-mulch\/#primaryimage","url":"https:\/\/www.plasagro.com\/wp-content\/uploads\/2022\/06\/Mulch3.jpg","contentUrl":"https:\/\/www.plasagro.com\/wp-content\/uploads\/2022\/06\/Mulch3.jpg","width":750,"height":563},{"@type":"WebPage","@id":"https:\/\/www.plasagro.com\/index.php\/acolchado-plastico-mulch\/#webpage","url":"https:\/\/www.plasagro.com\/index.php\/acolchado-plastico-mulch\/","name":"Acolchado Pl\u00e1stico (mulch) - Plasagro, S.A.","isPartOf":{"@id":"https:\/\/www.plasagro.com\/#website"},"primaryImageOfPage":{"@id":"https:\/\/www.plasagro.com\/index.php\/acolchado-plastico-mulch\/#primaryimage"},"datePublished":"2022-06-29T20:18:56+00:00","dateModified":"2023-01-24T16:31:52+00:00","breadcrumb":{"@id":"https:\/\/www.plasagro.com\/index.php\/acolchado-plastico-mulch\/#breadcrumb"},"inLanguage":"es","potentialAction":[{"@type":"ReadAction","target":["https:\/\/www.plasagro.com\/index.php\/acolchado-plastico-mulch\/"]}]},{"@type":"BreadcrumbList","@id":"https:\/\/www.plasagro.com\/index.php\/acolchado-plastico-mulch\/#breadcrumb","itemListElement":[{"@type":"ListItem","position":1,"name":"Home","item":"https:\/\/www.plasagro.com\/"},{"@type":"ListItem","position":2,"name":"Acolchado Pl\u00e1stico (mulch)"}]}]}},"_links":{"self":[{"href":"https:\/\/www.plasagro.com\/index.php\/wp-json\/wp\/v2\/pages\/604","targetHints":{"allow":["GET"]}}],"collection":[{"href":"https:\/\/www.plasagro.com\/index.php\/wp-json\/wp\/v2\/pages"}],"about":[{"href":"https:\/\/www.plasagro.com\/index.php\/wp-json\/wp\/v2\/types\/page"}],"author":[{"embeddable":true,"href":"https:\/\/www.plasagro.com\/index.php\/wp-json\/wp\/v2\/users\/3"}],"replies":[{"embeddable":true,"href":"https:\/\/www.plasagro.com\/index.php\/wp-json\/wp\/v2\/comments?post=604"}],"version-history":[{"count":13,"href":"https:\/\/www.plasagro.com\/index.php\/wp-json\/wp\/v2\/pages\/604\/revisions"}],"predecessor-version":[{"id":701,"href":"https:\/\/www.plasagro.com\/index.php\/wp-json\/wp\/v2\/pages\/604\/revisions\/701"}],"wp:attachment":[{"href":"https:\/\/www.plasagro.com\/index.php\/wp-json\/wp\/v2\/media?parent=604"}],"curies":[{"name":"wp","href":"https:\/\/api.w.org\/{rel}","templated":true}]}}